{"id":1954,"date":"2020-03-10T16:32:15","date_gmt":"2020-03-10T15:32:15","guid":{"rendered":"https:\/\/staging.trueffel-vom-hof.ch\/product\/truffe-de-printemps-selection-cuisine-suisse-tuber-borchii\/"},"modified":"2025-07-09T16:26:04","modified_gmt":"2025-07-09T14:26:04","slug":"truffe-de-printemps-selection-cuisine-suisse-tuber-borchii","status":"publish","type":"product","link":"https:\/\/staging.trueffel-vom-hof.ch\/fr\/product\/truffe-de-printemps-selection-cuisine-suisse-tuber-borchii\/","title":{"rendered":"Truffe de printemps \u2013 S\u00e9lection cuisine Suisse (Tuber borchii)"},"content":{"rendered":"<p data-start=\"254\" data-end=\"523\"><strong data-start=\"254\" data-end=\"283\">Qualit\u00e9 S\u00e9lection cuisine<\/strong> : Truffes fra\u00eeches de premi\u00e8re qualit\u00e9, r\u00e9colt\u00e9es \u00e0 pleine maturit\u00e9.<br data-start=\"352\" data-end=\"355\">Traces ab\u00eem\u00e9es soigneusement retir\u00e9es ou truffes coup\u00e9es en deux, <strong data-start=\"421\" data-end=\"449\">min. 5 grammes par pi\u00e8ce<\/strong>, coupes individuelles contr\u00f4l\u00e9es, destin\u00e9es \u00e0 un usage culinaire. Lav\u00e9es.<\/p>\n<p data-start=\"525\" data-end=\"742\"><strong data-start=\"525\" data-end=\"534\">Forme<\/strong> : Ext\u00e9rieur lisse et bossel\u00e9, de couleur blanch\u00e2tre \u00e0 orang\u00e9e, avec des taches grises \u00e0 noires ; int\u00e9rieur rose \u00e0 brun-violet, devenant plus fonc\u00e9 \u00e0 pleine maturit\u00e9.<br data-start=\"700\" data-end=\"703\">Veines irr\u00e9guli\u00e8res, blanches \u00e0 ros\u00e9es.<\/p>\n<p data-start=\"744\" data-end=\"969\"><strong data-start=\"744\" data-end=\"760\">Odeur \/ Go\u00fbt<\/strong> : Ar\u00f4me intense, l\u00e9g\u00e8rement ph\u00e9nol\u00e9, parfois \u00e9voquant le gaz ; plus marqu\u00e9 chez les exemplaires plus m\u00fbrs.<br data-start=\"867\" data-end=\"870\">En bouche : notes de <strong data-start=\"891\" data-end=\"909\">jeune ail doux<\/strong>, <strong data-start=\"911\" data-end=\"926\">cr\u00e8me aigre<\/strong>, <strong data-start=\"928\" data-end=\"939\">fromage<\/strong> ; saveur agr\u00e9ablement \u00e9pic\u00e9e.<\/p>\n<p data-start=\"971\" data-end=\"1090\"><strong data-start=\"971\" data-end=\"982\">Origine<\/strong> : Tr\u00e8s rare \u00e0 l\u2019\u00e9tat sauvage en Suisse.<br data-start=\"1022\" data-end=\"1025\">Provenant exclusivement de plantations de trufficulteurs suisses.<\/p>\n<p data-start=\"1092\" data-end=\"1197\"><strong data-start=\"1092\" data-end=\"1115\">P\u00e9riode de maturit\u00e9<\/strong> : <strong data-start=\"1118\" data-end=\"1136\">Janvier \u00e0 mars<\/strong> ; les premi\u00e8res truffes de la saison ont un ar\u00f4me plus doux.<\/p>\n<p data-start=\"1199\" data-end=\"1503\"><strong data-start=\"1199\" data-end=\"1219\">Valeur culinaire<\/strong> : Excellent champignon comestible, parfait avec <strong data-start=\"1268\" data-end=\"1287\">asperges vertes<\/strong>, <strong data-start=\"1289\" data-end=\"1313\">l\u00e9gumes de printemps<\/strong>, <strong data-start=\"1315\" data-end=\"1327\">poissons<\/strong>.<br data-start=\"1328\" data-end=\"1331\">\u00c0 d\u00e9guster <strong data-start=\"1342\" data-end=\"1376\">cru ou conserv\u00e9 dans du beurre<\/strong>.<br data-start=\"1377\" data-end=\"1380\">Offre une <strong data-start=\"1390\" data-end=\"1419\">palette aromatique unique<\/strong> en cuisine, <strong data-start=\"1432\" data-end=\"1448\">incomparable<\/strong> aux autres truffes.<br data-start=\"1468\" data-end=\"1471\" data-is-only-node=\"\">Encore <strong data-start=\"1478\" data-end=\"1502\">peu connue en Suisse<\/strong>.<\/p>\n","protected":false},"excerpt":{"rendered":"<p>Envoi uniquement en Suisse (envoi + emballage 18.-)<\/p>\n","protected":false},"featured_media":1898,"template":"","meta":{"_acf_changed":false,"site-sidebar-layout":"default","site-content-layout":"default","ast-site-content-layout":"default","site-content-style":"default","site-sidebar-style":"default","ast-global-header-display":"","ast-banner-title-visibility":"","ast-main-header-display":"","ast-hfb-above-header-display":"","ast-hfb-below-header-display":"","ast-hfb-mobile-header-display":"","site-post-title":"","ast-breadcrumbs-content":"","ast-featured-img":"","footer-sml-layout":"","theme-transparent-header-meta":"default","adv-header-id-meta":"","stick-header-meta":"default","header-above-stick-meta":"","header-main-stick-meta":"","header-below-stick-meta":"","astra-migrate-meta-layouts":"default","ast-page-background-enabled":"default","ast-page-background-meta":{"desktop":{"background-color":"","background-image":"","background-repeat":"repeat","background-position":"center center","background-size":"auto","background-attachment":"scroll","background-type":"","background-media":"","overlay-type":"","overlay-color":"","overlay-opacity":"","overlay-gradient":""},"tablet":{"background-color":"","background-image":"","background-repeat":"repeat","background-position":"center center","background-size":"auto","background-attachment":"scroll","background-type":"","background-media":"","overlay-type":"","overlay-color":"","overlay-opacity":"","overlay-gradient":""},"mobile":{"background-color":"","background-image":"","background-repeat":"repeat","background-position":"center center","background-size":"auto","background-attachment":"scroll","background-type":"","background-media":"","overlay-type":"","overlay-color":"","overlay-opacity":"","overlay-gradient":""}},"ast-content-background-meta":{"desktop":{"background-color":"var(--ast-global-color-5)","background-image":"","background-repeat":"repeat","background-position":"center center","background-size":"auto","background-attachment":"scroll","background-type":"","background-media":"","overlay-type":"","overlay-color":"","overlay-opacity":"","overlay-gradient":""},"tablet":{"background-color":"var(--ast-global-color-5)","background-image":"","background-repeat":"repeat","background-position":"center center","background-size":"auto","background-attachment":"scroll","background-type":"","background-media":"","overlay-type":"","overlay-color":"","overlay-opacity":"","overlay-gradient":""},"mobile":{"background-color":"var(--ast-global-color-5)","background-image":"","background-repeat":"repeat","background-position":"center center","background-size":"auto","background-attachment":"scroll","background-type":"","background-media":"","overlay-type":"","overlay-color":"","overlay-opacity":"","overlay-gradient":""}}},"product_brand":[],"product_cat":[47],"product_tag":[],"class_list":{"0":"post-1954","1":"product","2":"type-product","3":"status-publish","4":"has-post-thumbnail","6":"product_cat-truffe","7":"desktop-align-center","8":"tablet-align-center","9":"mobile-align-center","10":"ast-product-gallery-layout-horizontal","11":"ast-product-gallery-with-no-image","13":"first","14":"outofstock","15":"shipping-taxable","16":"purchasable","17":"product-type-simple"},"acf":[],"_links":{"self":[{"href":"https:\/\/staging.trueffel-vom-hof.ch\/fr\/wp-json\/wp\/v2\/product\/1954","targetHints":{"allow":["GET"]}}],"collection":[{"href":"https:\/\/staging.trueffel-vom-hof.ch\/fr\/wp-json\/wp\/v2\/product"}],"about":[{"href":"https:\/\/staging.trueffel-vom-hof.ch\/fr\/wp-json\/wp\/v2\/types\/product"}],"wp:featuredmedia":[{"embeddable":true,"href":"https:\/\/staging.trueffel-vom-hof.ch\/fr\/wp-json\/wp\/v2\/media\/1898"}],"wp:attachment":[{"href":"https:\/\/staging.trueffel-vom-hof.ch\/fr\/wp-json\/wp\/v2\/media?parent=1954"}],"wp:term":[{"taxonomy":"product_brand","embeddable":true,"href":"https:\/\/staging.trueffel-vom-hof.ch\/fr\/wp-json\/wp\/v2\/product_brand?post=1954"},{"taxonomy":"product_cat","embeddable":true,"href":"https:\/\/staging.trueffel-vom-hof.ch\/fr\/wp-json\/wp\/v2\/product_cat?post=1954"},{"taxonomy":"product_tag","embeddable":true,"href":"https:\/\/staging.trueffel-vom-hof.ch\/fr\/wp-json\/wp\/v2\/product_tag?post=1954"}],"curies":[{"name":"wp","href":"https:\/\/api.w.org\/{rel}","templated":true}]}}