{"id":1952,"date":"2020-09-11T16:27:52","date_gmt":"2020-09-11T14:27:52","guid":{"rendered":"https:\/\/staging.trueffel-vom-hof.ch\/product\/truffe-dautomne-tuber-aestivum-var-uncinatum-qualite-cuisine\/"},"modified":"2025-07-09T16:21:44","modified_gmt":"2025-07-09T14:21:44","slug":"truffe-dautomne-tuber-aestivum-var-uncinatum-qualite-cuisine","status":"publish","type":"product","link":"https:\/\/staging.trueffel-vom-hof.ch\/fr\/product\/truffe-dautomne-tuber-aestivum-var-uncinatum-qualite-cuisine\/","title":{"rendered":"Truffe d&rsquo;Automne (Tuber Aestivum var. Uncinatum) Qualit\u00e9 cuisine"},"content":{"rendered":"<p data-start=\"159\" data-end=\"486\"><strong data-start=\"159\" data-end=\"170\">Qualit\u00e9<\/strong> : S\u00e9lection cuisine \u2013 morceaux de truffes. Truffes fra\u00eeches de premi\u00e8re qualit\u00e9, r\u00e9colt\u00e9es \u00e0 pleine maturit\u00e9.<br data-start=\"280\" data-end=\"283\">Traces ab\u00eem\u00e9es soigneusement retir\u00e9es ou truffes coup\u00e9es en deux, min. 10 grammes par pi\u00e8ce, tranchables \u00e0 la mandoline, coupes individuelles contr\u00f4l\u00e9es, qualit\u00e9 optimale pour un usage culinaire. Lav\u00e9es.<\/p>\n<p data-start=\"488\" data-end=\"641\"><strong data-start=\"488\" data-end=\"497\">Forme<\/strong> : Ext\u00e9rieur noir mat, verrues pyramidales \u00e0 6\u20138 faces ; int\u00e9rieur beige \u00e0 brun chocolat, veines blanches tr\u00e8s nombreuses et finement ramifi\u00e9es.<\/p>\n<p data-start=\"643\" data-end=\"768\"><strong data-start=\"643\" data-end=\"659\">Odeur \/ Go\u00fbt<\/strong> : Noisett\u00e9, champignon (type c\u00e8pe), l\u00e9g\u00e8rement acidul\u00e9, agr\u00e9able, discret, plus intense au nez qu\u2019en bouche.<\/p>\n<p data-start=\"770\" data-end=\"975\"><strong data-start=\"770\" data-end=\"781\">Origine<\/strong> : Pr\u00e9sente sur le Plateau suisse et dans l\u2019Arc jurassien jusqu\u2019\u00e0 800 m d\u2019altitude, en association avec h\u00eatres, \u00e9pic\u00e9as, sapins, noisetiers, tilleuls ; issue de plantations ou de zones sauvages.<\/p>\n<p data-start=\"977\" data-end=\"1062\"><strong data-start=\"977\" data-end=\"1000\">P\u00e9riode de maturit\u00e9<\/strong> : De mi-septembre \u00e0 d\u00e9cembre, jusqu\u2019en f\u00e9vrier en hiver doux.<\/p>\n<p data-start=\"1064\" data-end=\"1268\"><strong data-start=\"1064\" data-end=\"1084\">Valeur culinaire<\/strong> : Excellent champignon comestible, \u00e0 trancher ou r\u00e2per cru sur des plats. Ne pas chauffer au-del\u00e0 de 60\u00b0C.<br data-start=\"1191\" data-end=\"1194\">Parfait avec : \u0153ufs, p\u00e2tes, cr\u00e8me, fromage, salade, glace vanille, pommes.<\/p>\n","protected":false},"excerpt":{"rendered":"<p>Envoi uniquement en Suisse (envoi + emballage 18.-)<\/p>\n","protected":false},"featured_media":1908,"template":"","meta":{"_acf_changed":false,"site-sidebar-layout":"default","site-content-layout":"default","ast-site-content-layout":"default","site-content-style":"default","site-sidebar-style":"default","ast-global-header-display":"","ast-banner-title-visibility":"","ast-main-header-display":"","ast-hfb-above-header-display":"","ast-hfb-below-header-display":"","ast-hfb-mobile-header-display":"","site-post-title":"","ast-breadcrumbs-content":"","ast-featured-img":"","footer-sml-layout":"","theme-transparent-header-meta":"default","adv-header-id-meta":"","stick-header-meta":"default","header-above-stick-meta":"","header-main-stick-meta":"","header-below-stick-meta":"","astra-migrate-meta-layouts":"default","ast-page-background-enabled":"default","ast-page-background-meta":{"desktop":{"background-color":"","background-image":"","background-repeat":"repeat","background-position":"center center","background-size":"auto","background-attachment":"scroll","background-type":"","background-media":"","overlay-type":"","overlay-color":"","overlay-opacity":"","overlay-gradient":""},"tablet":{"background-color":"","background-image":"","background-repeat":"repeat","background-position":"center center","background-size":"auto","background-attachment":"scroll","background-type":"","background-media":"","overlay-type":"","overlay-color":"","overlay-opacity":"","overlay-gradient":""},"mobile":{"background-color":"","background-image":"","background-repeat":"repeat","background-position":"center center","background-size":"auto","background-attachment":"scroll","background-type":"","background-media":"","overlay-type":"","overlay-color":"","overlay-opacity":"","overlay-gradient":""}},"ast-content-background-meta":{"desktop":{"background-color":"var(--ast-global-color-5)","background-image":"","background-repeat":"repeat","background-position":"center center","background-size":"auto","background-attachment":"scroll","background-type":"","background-media":"","overlay-type":"","overlay-color":"","overlay-opacity":"","overlay-gradient":""},"tablet":{"background-color":"var(--ast-global-color-5)","background-image":"","background-repeat":"repeat","background-position":"center center","background-size":"auto","background-attachment":"scroll","background-type":"","background-media":"","overlay-type":"","overlay-color":"","overlay-opacity":"","overlay-gradient":""},"mobile":{"background-color":"var(--ast-global-color-5)","background-image":"","background-repeat":"repeat","background-position":"center center","background-size":"auto","background-attachment":"scroll","background-type":"","background-media":"","overlay-type":"","overlay-color":"","overlay-opacity":"","overlay-gradient":""}}},"product_brand":[],"product_cat":[47],"product_tag":[],"class_list":{"0":"post-1952","1":"product","2":"type-product","3":"status-publish","4":"has-post-thumbnail","6":"product_cat-truffe","7":"desktop-align-center","8":"tablet-align-center","9":"mobile-align-center","10":"ast-product-gallery-layout-horizontal","11":"ast-product-gallery-with-no-image","13":"first","14":"instock","15":"shipping-taxable","16":"purchasable","17":"product-type-simple"},"acf":[],"_links":{"self":[{"href":"https:\/\/staging.trueffel-vom-hof.ch\/fr\/wp-json\/wp\/v2\/product\/1952","targetHints":{"allow":["GET"]}}],"collection":[{"href":"https:\/\/staging.trueffel-vom-hof.ch\/fr\/wp-json\/wp\/v2\/product"}],"about":[{"href":"https:\/\/staging.trueffel-vom-hof.ch\/fr\/wp-json\/wp\/v2\/types\/product"}],"wp:featuredmedia":[{"embeddable":true,"href":"https:\/\/staging.trueffel-vom-hof.ch\/fr\/wp-json\/wp\/v2\/media\/1908"}],"wp:attachment":[{"href":"https:\/\/staging.trueffel-vom-hof.ch\/fr\/wp-json\/wp\/v2\/media?parent=1952"}],"wp:term":[{"taxonomy":"product_brand","embeddable":true,"href":"https:\/\/staging.trueffel-vom-hof.ch\/fr\/wp-json\/wp\/v2\/product_brand?post=1952"},{"taxonomy":"product_cat","embeddable":true,"href":"https:\/\/staging.trueffel-vom-hof.ch\/fr\/wp-json\/wp\/v2\/product_cat?post=1952"},{"taxonomy":"product_tag","embeddable":true,"href":"https:\/\/staging.trueffel-vom-hof.ch\/fr\/wp-json\/wp\/v2\/product_tag?post=1952"}],"curies":[{"name":"wp","href":"https:\/\/api.w.org\/{rel}","templated":true}]}}