{"id":1929,"date":"2020-01-29T18:04:49","date_gmt":"2020-01-29T17:04:49","guid":{"rendered":"https:\/\/staging.trueffel-vom-hof.ch\/vos-producteurs\/"},"modified":"2025-08-28T07:43:01","modified_gmt":"2025-08-28T05:43:01","slug":"vos-producteurs","status":"publish","type":"page","link":"https:\/\/staging.trueffel-vom-hof.ch\/fr\/vos-producteurs\/","title":{"rendered":"Vos producteurs"},"content":{"rendered":"\t\t<div data-elementor-type=\"wp-page\" data-elementor-id=\"1929\" class=\"elementor elementor-1929 elementor-38\" data-elementor-post-type=\"page\">\n\t\t\t\t\t\t<section class=\"elementor-section elementor-top-section elementor-element elementor-element-e9ea4a1 elementor-section-stretched elementor-section-boxed elementor-section-height-default elementor-section-height-default\" data-id=\"e9ea4a1\" data-element_type=\"section\" data-settings=\"{&quot;stretch_section&quot;:&quot;section-stretched&quot;,&quot;background_background&quot;:&quot;classic&quot;}\">\n\t\t\t\t\t\t<div class=\"elementor-container elementor-column-gap-default\">\n\t\t\t\t\t<div class=\"elementor-column elementor-col-100 elementor-top-column elementor-element elementor-element-5efa286\" data-id=\"5efa286\" data-element_type=\"column\">\n\t\t\t<div class=\"elementor-widget-wrap elementor-element-populated\">\n\t\t\t\t\t\t<div class=\"elementor-element elementor-element-91f07ad elementor-widget elementor-widget-heading\" data-id=\"91f07ad\" data-element_type=\"widget\" data-widget_type=\"heading.default\">\n\t\t\t\t<div class=\"elementor-widget-container\">\n\t\t\t\t\t<h2 class=\"elementor-heading-title elementor-size-default\">Notre association regroupe plus de 10 hectares de plantations de truffes en Suisse, exploit\u00e9es par plus de vingt membres.<\/h2>\t\t\t\t<\/div>\n\t\t\t\t<\/div>\n\t\t\t\t<div class=\"elementor-element elementor-element-58ee0cd dce-posts-layout-template dce-col-3 dce-col-tablet-3 dce-col-mobile-1 elementor-widget elementor-widget-dce-dynamicposts-v2\" data-id=\"58ee0cd\" data-element_type=\"widget\" data-settings=\"{&quot;style_items&quot;:&quot;template&quot;,&quot;grid_grid_type&quot;:&quot;masonry&quot;}\" data-widget_type=\"dce-dynamicposts-v2.grid\">\n\t\t\t\t<div class=\"elementor-widget-container\">\n\t\t\t\t\t\n\t\t<div class=\"dce-fix-background-loop dce-posts-container dce-posts dce-dynamic-posts-collection  dce-skin-grid dce-skin-grid-masonry\">\n\t\t\t\t\t\t<div class=\"dce-posts-wrapper dce-wrapper-grid\">\n\t\t\t\n\t\t<article class=\"post-2337 producers type-producers status-publish hentry dce-post dce-post-item dce-item-grid\" data-dce-post-id=\"2337\" data-dce-post-index=\"0\">\n\t\t\t<div class=\"dce-post-block\">\n\t\t<style>.elementor-865 .elementor-element.elementor-element-5daa16af{padding:0px 0px 0px 0px;}.elementor-865 .elementor-element.elementor-element-7ee502c3:not(.elementor-motion-effects-element-type-background) > .elementor-widget-wrap, .elementor-865 .elementor-element.elementor-element-7ee502c3 > .elementor-widget-wrap > .elementor-motion-effects-container > .elementor-motion-effects-layer{background-color:#F7F7F7;}.elementor-865 .elementor-element.elementor-element-7ee502c3 > .elementor-widget-wrap > .elementor-widget:not(.elementor-widget__width-auto):not(.elementor-widget__width-initial):not(:last-child):not(.elementor-absolute){margin-bottom:0px;}.elementor-865 .elementor-element.elementor-element-7ee502c3 > .elementor-element-populated{box-shadow:0px 0px 10px 0px rgba(0, 0, 0, 0.2);transition:background 0.3s, border 0.3s, border-radius 0.3s, box-shadow 0.3s;padding:0px 0px 20px 0px;}.elementor-865 .elementor-element.elementor-element-7ee502c3 > .elementor-element-populated > .elementor-background-overlay{transition:background 0.3s, border-radius 0.3s, opacity 0.3s;}.elementor-865 .elementor-element.elementor-element-7775b7e1 img{width:100vw;max-width:100%;}.elementor-865 .elementor-element.elementor-element-37b0a17e > .elementor-widget-container{padding:20px 20px 10px 20px;}.elementor-865 .elementor-element.elementor-element-2a2b47f > .elementor-widget-container{padding:0px 20px 20px 20px;}.elementor-865 .elementor-element.elementor-element-2a2b47f .dynamic-content-for-elementor-acf{margin-bottom:0px;font-weight:bold;}.elementor-865 .elementor-element.elementor-element-9e69c2b > .elementor-widget-container{padding:0px 20px 20px 20px;}.elementor-865 .elementor-element.elementor-element-9e69c2b .dynamic-content-for-elementor-acf{margin-bottom:0px;}<\/style>\t\t<div data-elementor-type=\"section\" data-elementor-id=\"865\" class=\"elementor elementor-865 dce-elementor-rendering-id-1\" data-elementor-post-type=\"elementor_library\">\n\t\t\t\t\t<section class=\"elementor-section elementor-top-section elementor-element elementor-element-5daa16af elementor-section-boxed elementor-section-height-default elementor-section-height-default\" data-id=\"5daa16af\" data-element_type=\"section\">\n\t\t\t\t\t\t<div class=\"elementor-container elementor-column-gap-default\">\n\t\t\t\t\t<div data-dce-background-color=\"#F7F7F7\" class=\"elementor-column elementor-col-100 elementor-top-column elementor-element elementor-element-7ee502c3\" data-id=\"7ee502c3\" data-element_type=\"column\" data-settings=\"{&quot;background_background&quot;:&quot;classic&quot;}\">\n\t\t\t<div class=\"elementor-widget-wrap elementor-element-populated\">\n\t\t\t\t\t\t<div class=\"elementor-element elementor-element-37b0a17e elementor-widget elementor-widget-theme-post-title elementor-page-title elementor-widget-heading\" data-id=\"37b0a17e\" data-element_type=\"widget\" data-widget_type=\"theme-post-title.default\">\n\t\t\t\t<div class=\"elementor-widget-container\">\n\t\t\t\t\t<h2 class=\"elementor-heading-title elementor-size-default\">Test by Shahid fr<\/h2>\t\t\t\t<\/div>\n\t\t\t\t<\/div>\n\t\t\t\t\t<\/div>\n\t\t<\/div>\n\t\t\t\t\t<\/div>\n\t\t<\/section>\n\t\t\t\t<\/div>\n\t\t\t\t\t<\/div>\n\t\t<\/article>\n\t\t\n\t\t<article class=\"post-2302 producers type-producers status-publish hentry dce-post dce-post-item dce-item-grid\" data-dce-post-id=\"2302\" data-dce-post-index=\"1\">\n\t\t\t<div class=\"dce-post-block\">\n\t\t<style>.elementor-865 .elementor-element.elementor-element-5daa16af{padding:0px 0px 0px 0px;}.elementor-865 .elementor-element.elementor-element-7ee502c3:not(.elementor-motion-effects-element-type-background) > .elementor-widget-wrap, .elementor-865 .elementor-element.elementor-element-7ee502c3 > .elementor-widget-wrap > .elementor-motion-effects-container > .elementor-motion-effects-layer{background-color:#F7F7F7;}.elementor-865 .elementor-element.elementor-element-7ee502c3 > .elementor-widget-wrap > .elementor-widget:not(.elementor-widget__width-auto):not(.elementor-widget__width-initial):not(:last-child):not(.elementor-absolute){margin-bottom:0px;}.elementor-865 .elementor-element.elementor-element-7ee502c3 > .elementor-element-populated{box-shadow:0px 0px 10px 0px rgba(0, 0, 0, 0.2);transition:background 0.3s, border 0.3s, border-radius 0.3s, box-shadow 0.3s;padding:0px 0px 20px 0px;}.elementor-865 .elementor-element.elementor-element-7ee502c3 > .elementor-element-populated > .elementor-background-overlay{transition:background 0.3s, border-radius 0.3s, opacity 0.3s;}.elementor-865 .elementor-element.elementor-element-7775b7e1 img{width:100vw;max-width:100%;}.elementor-865 .elementor-element.elementor-element-37b0a17e > .elementor-widget-container{padding:20px 20px 10px 20px;}.elementor-865 .elementor-element.elementor-element-2a2b47f > .elementor-widget-container{padding:0px 20px 20px 20px;}.elementor-865 .elementor-element.elementor-element-2a2b47f .dynamic-content-for-elementor-acf{margin-bottom:0px;font-weight:bold;}.elementor-865 .elementor-element.elementor-element-9e69c2b > .elementor-widget-container{padding:0px 20px 20px 20px;}.elementor-865 .elementor-element.elementor-element-9e69c2b .dynamic-content-for-elementor-acf{margin-bottom:0px;}<\/style>\t\t<div data-elementor-type=\"section\" data-elementor-id=\"865\" class=\"elementor elementor-865 dce-elementor-rendering-id-2\" data-elementor-post-type=\"elementor_library\">\n\t\t\t\t\t<section class=\"elementor-section elementor-top-section elementor-element elementor-element-5daa16af elementor-section-boxed elementor-section-height-default elementor-section-height-default\" data-id=\"5daa16af\" data-element_type=\"section\">\n\t\t\t\t\t\t<div class=\"elementor-container elementor-column-gap-default\">\n\t\t\t\t\t<div data-dce-background-color=\"#F7F7F7\" class=\"elementor-column elementor-col-100 elementor-top-column elementor-element elementor-element-7ee502c3\" data-id=\"7ee502c3\" data-element_type=\"column\" data-settings=\"{&quot;background_background&quot;:&quot;classic&quot;}\">\n\t\t\t<div class=\"elementor-widget-wrap elementor-element-populated\">\n\t\t\t\t\t\t<div class=\"elementor-element elementor-element-37b0a17e elementor-widget elementor-widget-theme-post-title elementor-page-title elementor-widget-heading\" data-id=\"37b0a17e\" data-element_type=\"widget\" data-widget_type=\"theme-post-title.default\">\n\t\t\t\t<div class=\"elementor-widget-container\">\n\t\t\t\t\t<h2 class=\"elementor-heading-title elementor-size-default\">Lorem ipsum<\/h2>\t\t\t\t<\/div>\n\t\t\t\t<\/div>\n\t\t\t\t\t<\/div>\n\t\t<\/div>\n\t\t\t\t\t<\/div>\n\t\t<\/section>\n\t\t\t\t<\/div>\n\t\t\t\t\t<\/div>\n\t\t<\/article>\n\t\t\t\t\t<\/div>\n\t\t\t\t\t<\/div>\n\t\t\t\t\t\t<\/div>\n\t\t\t\t<\/div>\n\t\t\t\t\t<\/div>\n\t\t<\/div>\n\t\t\t\t\t<\/div>\n\t\t<\/section>\n\t\t\t\t<\/div>\n\t\t","protected":false},"excerpt":{"rendered":"<p>Notre association regroupe plus de 10 hectares de plantations de truffes en Suisse, exploit\u00e9es par plus de vingt membres. \u00abTr\u00fcffel sind etwas Besonderes &#8211; Verbundenheit mit Hund und Natur, Achtsamkeit, Geduld und Sorgfalt. Tr\u00fcffel sind ein Erlebnis f\u00fcr alle Sinne voller Genuss und Passion.\u00bb Oberaargau\/Emmental \u00abSwisstruffle steht f\u00fcr das Angebot hochwertiger P\u00e9rigord- und Burgundertr\u00fcffeln aus [&hellip;]<\/p>\n","protected":false},"author":1,"featured_media":1861,"parent":0,"menu_order":0,"comment_status":"closed","ping_status":"closed","template":"","meta":{"_acf_changed":false,"site-sidebar-layout":"no-sidebar","site-content-layout":"page-builder","ast-site-content-layout":"default","site-content-style":"default","site-sidebar-style":"default","ast-global-header-display":"","ast-banner-title-visibility":"","ast-main-header-display":"","ast-hfb-above-header-display":"","ast-hfb-below-header-display":"","ast-hfb-mobile-header-display":"","site-post-title":"","ast-breadcrumbs-content":"","ast-featured-img":"disabled","footer-sml-layout":"","theme-transparent-header-meta":"default","adv-header-id-meta":"","stick-header-meta":"default","header-above-stick-meta":"","header-main-stick-meta":"","header-below-stick-meta":"","astra-migrate-meta-layouts":"default","ast-page-background-enabled":"default","ast-page-background-meta":{"desktop":{"background-color":"","background-image":"","background-repeat":"repeat","background-position":"center center","background-size":"auto","background-attachment":"scroll","background-type":"","background-media":"","overlay-type":"","overlay-color":"","overlay-opacity":"","overlay-gradient":""},"tablet":{"background-color":"","background-image":"","background-repeat":"repeat","background-position":"center center","background-size":"auto","background-attachment":"scroll","background-type":"","background-media":"","overlay-type":"","overlay-color":"","overlay-opacity":"","overlay-gradient":""},"mobile":{"background-color":"","background-image":"","background-repeat":"repeat","background-position":"center center","background-size":"auto","background-attachment":"scroll","background-type":"","background-media":"","overlay-type":"","overlay-color":"","overlay-opacity":"","overlay-gradient":""}},"ast-content-background-meta":{"desktop":{"background-color":"var(--ast-global-color-5)","background-image":"","background-repeat":"repeat","background-position":"center center","background-size":"auto","background-attachment":"scroll","background-type":"","background-media":"","overlay-type":"","overlay-color":"","overlay-opacity":"","overlay-gradient":""},"tablet":{"background-color":"var(--ast-global-color-5)","background-image":"","background-repeat":"repeat","background-position":"center center","background-size":"auto","background-attachment":"scroll","background-type":"","background-media":"","overlay-type":"","overlay-color":"","overlay-opacity":"","overlay-gradient":""},"mobile":{"background-color":"var(--ast-global-color-5)","background-image":"","background-repeat":"repeat","background-position":"center center","background-size":"auto","background-attachment":"scroll","background-type":"","background-media":"","overlay-type":"","overlay-color":"","overlay-opacity":"","overlay-gradient":""}},"footnotes":""},"class_list":["post-1929","page","type-page","status-publish","has-post-thumbnail","hentry"],"acf":[],"_links":{"self":[{"href":"https:\/\/staging.trueffel-vom-hof.ch\/fr\/wp-json\/wp\/v2\/pages\/1929","targetHints":{"allow":["GET"]}}],"collection":[{"href":"https:\/\/staging.trueffel-vom-hof.ch\/fr\/wp-json\/wp\/v2\/pages"}],"about":[{"href":"https:\/\/staging.trueffel-vom-hof.ch\/fr\/wp-json\/wp\/v2\/types\/page"}],"author":[{"embeddable":true,"href":"https:\/\/staging.trueffel-vom-hof.ch\/fr\/wp-json\/wp\/v2\/users\/1"}],"replies":[{"embeddable":true,"href":"https:\/\/staging.trueffel-vom-hof.ch\/fr\/wp-json\/wp\/v2\/comments?post=1929"}],"version-history":[{"count":6,"href":"https:\/\/staging.trueffel-vom-hof.ch\/fr\/wp-json\/wp\/v2\/pages\/1929\/revisions"}],"predecessor-version":[{"id":2269,"href":"https:\/\/staging.trueffel-vom-hof.ch\/fr\/wp-json\/wp\/v2\/pages\/1929\/revisions\/2269"}],"wp:featuredmedia":[{"embeddable":true,"href":"https:\/\/staging.trueffel-vom-hof.ch\/fr\/wp-json\/wp\/v2\/media\/1861"}],"wp:attachment":[{"href":"https:\/\/staging.trueffel-vom-hof.ch\/fr\/wp-json\/wp\/v2\/media?parent=1929"}],"curies":[{"name":"wp","href":"https:\/\/api.w.org\/{rel}","templated":true}]}}